{"id":7040,"date":"2026-03-21T22:32:03","date_gmt":"2026-03-22T03:32:03","guid":{"rendered":"https:\/\/impressionsdeterre.com\/?post_type=product&#038;p=7040"},"modified":"2026-03-21T22:33:58","modified_gmt":"2026-03-22T03:33:58","slug":"pullo-yana-mask","status":"publish","type":"product","link":"https:\/\/impressionsdeterre.com\/fr\/product\/pullo-yana-mask\/","title":{"rendered":"Pullo Yana mask"},"content":{"rendered":"<p>Le masque Pullo Yana, la femme peule, est utilis\u00e9 par les membres de la soci\u00e9t\u00e9 Awa lors du culte des morts, le dama, pour la lev\u00e9e de deuil afin que l'\u00e2me du d\u00e9funt peut alors rejoindre le monde des anc\u00eatres.<\/p>","protected":false},"excerpt":{"rendered":"<p>Ousmane Guindo<br \/>\n20cm X 30cm \u2013 8 X 12 pouces<br \/>\nMali Bandiagara &#8211; 2008<\/p>","protected":false},"featured_media":7042,"comment_status":"open","ping_status":"closed","template":"","meta":[],"product_brand":[],"product_cat":[14],"product_tag":[],"class_list":{"0":"post-7040","1":"product","2":"type-product","3":"status-publish","4":"has-post-thumbnail","6":"product_cat-general","7":"nt-post-class","8":"","14":"first","15":"instock","16":"shipping-taxable","17":"purchasable","18":"product-type-simple"},"yoast_head":"<!-- This site is optimized with the Yoast SEO plugin v27.4 - https:\/\/yoast.com\/product\/yoast-seo-wordpress\/ -->\n<title>Pullo Yana mask - IMPRESSIONS DE TERRE<\/title>\n<meta name=\"description\" content=\"The Pullo Yana mask, the Fulani woman, is used by members of the Awa society during the cult of the dead, the dama, for the lifting of mourning so that the soul of the deceased can then join the world of the ancestors.\" \/>\n<meta name=\"robots\" content=\"index, follow, max-snippet:-1, max-image-preview:large, max-video-preview:-1\" \/>\n<link rel=\"canonical\" href=\"https:\/\/impressionsdeterre.com\/fr\/produit\/pullo-yana-mask\/\" \/>\n<meta property=\"og:locale\" content=\"fr_FR\" \/>\n<meta property=\"og:type\" content=\"article\" \/>\n<meta property=\"og:title\" content=\"Pullo Yana mask - IMPRESSIONS DE TERRE\" \/>\n<meta property=\"og:description\" content=\"The Pullo Yana mask, the Fulani woman, is used by members of the Awa society during the cult of the dead, the dama, for the lifting of mourning so that the soul of the deceased can then join the world of the ancestors.\" \/>\n<meta property=\"og:url\" content=\"https:\/\/impressionsdeterre.com\/fr\/produit\/pullo-yana-mask\/\" \/>\n<meta property=\"og:site_name\" content=\"IMPRESSIONS DE TERRE\" \/>\n<meta property=\"article:modified_time\" content=\"2026-03-22T03:33:58+00:00\" \/>\n<meta property=\"og:image\" content=\"https:\/\/impressionsdeterre.com\/wp-content\/uploads\/2026\/03\/IT_PRODUITS_01_Masque-Dogon-Pullo-Yana.jpg\" \/>\n\t<meta property=\"og:image:width\" content=\"500\" \/>\n\t<meta property=\"og:image:height\" content=\"500\" \/>\n\t<meta property=\"og:image:type\" content=\"image\/jpeg\" \/>\n<meta name=\"twitter:card\" content=\"summary_large_image\" \/>\n<meta name=\"twitter:label1\" content=\"Dur\u00e9e de lecture estim\u00e9e\" \/>\n\t<meta name=\"twitter:data1\" content=\"1 minute\" \/>\n<script type=\"application\/ld+json\" class=\"yoast-schema-graph\">{\"@context\":\"https:\\\/\\\/schema.org\",\"@graph\":[{\"@type\":\"WebPage\",\"@id\":\"https:\\\/\\\/impressionsdeterre.com\\\/product\\\/pullo-yana-mask\\\/\",\"url\":\"https:\\\/\\\/impressionsdeterre.com\\\/product\\\/pullo-yana-mask\\\/\",\"name\":\"Pullo Yana mask - IMPRESSIONS DE TERRE\",\"isPartOf\":{\"@id\":\"https:\\\/\\\/impressionsdeterre.com\\\/#website\"},\"primaryImageOfPage\":{\"@id\":\"https:\\\/\\\/impressionsdeterre.com\\\/product\\\/pullo-yana-mask\\\/#primaryimage\"},\"image\":{\"@id\":\"https:\\\/\\\/impressionsdeterre.com\\\/product\\\/pullo-yana-mask\\\/#primaryimage\"},\"thumbnailUrl\":\"https:\\\/\\\/impressionsdeterre.com\\\/wp-content\\\/uploads\\\/2026\\\/03\\\/IT_PRODUITS_01_Masque-Dogon-Pullo-Yana.jpg\",\"datePublished\":\"2026-03-22T03:32:03+00:00\",\"dateModified\":\"2026-03-22T03:33:58+00:00\",\"description\":\"The Pullo Yana mask, the Fulani woman, is used by members of the Awa society during the cult of the dead, the dama, for the lifting of mourning so that the soul of the deceased can then join the world of the ancestors.\",\"breadcrumb\":{\"@id\":\"https:\\\/\\\/impressionsdeterre.com\\\/product\\\/pullo-yana-mask\\\/#breadcrumb\"},\"inLanguage\":\"fr-FR\",\"potentialAction\":[{\"@type\":\"ReadAction\",\"target\":[\"https:\\\/\\\/impressionsdeterre.com\\\/product\\\/pullo-yana-mask\\\/\"]}]},{\"@type\":\"ImageObject\",\"inLanguage\":\"fr-FR\",\"@id\":\"https:\\\/\\\/impressionsdeterre.com\\\/product\\\/pullo-yana-mask\\\/#primaryimage\",\"url\":\"https:\\\/\\\/impressionsdeterre.com\\\/wp-content\\\/uploads\\\/2026\\\/03\\\/IT_PRODUITS_01_Masque-Dogon-Pullo-Yana.jpg\",\"contentUrl\":\"https:\\\/\\\/impressionsdeterre.com\\\/wp-content\\\/uploads\\\/2026\\\/03\\\/IT_PRODUITS_01_Masque-Dogon-Pullo-Yana.jpg\",\"width\":500,\"height\":500},{\"@type\":\"BreadcrumbList\",\"@id\":\"https:\\\/\\\/impressionsdeterre.com\\\/product\\\/pullo-yana-mask\\\/#breadcrumb\",\"itemListElement\":[{\"@type\":\"ListItem\",\"position\":1,\"name\":\"Home\",\"item\":\"https:\\\/\\\/impressionsdeterre.com\\\/\"},{\"@type\":\"ListItem\",\"position\":2,\"name\":\"Gallery\",\"item\":\"https:\\\/\\\/impressionsdeterre.com\\\/gallery\\\/\"},{\"@type\":\"ListItem\",\"position\":3,\"name\":\"Pullo Yana mask\"}]},{\"@type\":\"WebSite\",\"@id\":\"https:\\\/\\\/impressionsdeterre.com\\\/#website\",\"url\":\"https:\\\/\\\/impressionsdeterre.com\\\/\",\"name\":\"IMPRESSIONS DE TERRE\",\"description\":\"Modern WooCommerce Theme\",\"publisher\":{\"@id\":\"https:\\\/\\\/impressionsdeterre.com\\\/#organization\"},\"potentialAction\":[{\"@type\":\"SearchAction\",\"target\":{\"@type\":\"EntryPoint\",\"urlTemplate\":\"https:\\\/\\\/impressionsdeterre.com\\\/?s={search_term_string}\"},\"query-input\":{\"@type\":\"PropertyValueSpecification\",\"valueRequired\":true,\"valueName\":\"search_term_string\"}}],\"inLanguage\":\"fr-FR\"},{\"@type\":\"Organization\",\"@id\":\"https:\\\/\\\/impressionsdeterre.com\\\/#organization\",\"name\":\"IMPRESSIONS DE TERRE\",\"url\":\"https:\\\/\\\/impressionsdeterre.com\\\/\",\"logo\":{\"@type\":\"ImageObject\",\"inLanguage\":\"fr-FR\",\"@id\":\"https:\\\/\\\/impressionsdeterre.com\\\/#\\\/schema\\\/logo\\\/image\\\/\",\"url\":\"https:\\\/\\\/impressionsdeterre.com\\\/wp-content\\\/uploads\\\/2025\\\/05\\\/Logo-IMPRESSIONS-DE-TERRE-2026-scaled.png\",\"contentUrl\":\"https:\\\/\\\/impressionsdeterre.com\\\/wp-content\\\/uploads\\\/2025\\\/05\\\/Logo-IMPRESSIONS-DE-TERRE-2026-scaled.png\",\"width\":2560,\"height\":715,\"caption\":\"IMPRESSIONS DE TERRE\"},\"image\":{\"@id\":\"https:\\\/\\\/impressionsdeterre.com\\\/#\\\/schema\\\/logo\\\/image\\\/\"}}]}<\/script>\n<!-- \/ Yoast SEO plugin. -->","yoast_head_json":{"title":"Pullo Yana mask - IMPRESSIONS DE TERRE","description":"Le masque Pullo Yana, la femme peule, est utilis\u00e9 par les membres de la soci\u00e9t\u00e9 Awa lors du culte des morts, le dama, pour la lev\u00e9e de deuil afin que l'\u00e2me du d\u00e9funt peut alors rejoindre le monde des anc\u00eatres.","robots":{"index":"index","follow":"follow","max-snippet":"max-snippet:-1","max-image-preview":"max-image-preview:large","max-video-preview":"max-video-preview:-1"},"canonical":"https:\/\/impressionsdeterre.com\/fr\/produit\/pullo-yana-mask\/","og_locale":"fr_FR","og_type":"article","og_title":"Pullo Yana mask - IMPRESSIONS DE TERRE","og_description":"The Pullo Yana mask, the Fulani woman, is used by members of the Awa society during the cult of the dead, the dama, for the lifting of mourning so that the soul of the deceased can then join the world of the ancestors.","og_url":"https:\/\/impressionsdeterre.com\/fr\/produit\/pullo-yana-mask\/","og_site_name":"IMPRESSIONS DE TERRE","article_modified_time":"2026-03-22T03:33:58+00:00","og_image":[{"width":500,"height":500,"url":"https:\/\/impressionsdeterre.com\/wp-content\/uploads\/2026\/03\/IT_PRODUITS_01_Masque-Dogon-Pullo-Yana.jpg","type":"image\/jpeg"}],"twitter_card":"summary_large_image","twitter_misc":{"Dur\u00e9e de lecture estim\u00e9e":"1 minute"},"schema":{"@context":"https:\/\/schema.org","@graph":[{"@type":"WebPage","@id":"https:\/\/impressionsdeterre.com\/product\/pullo-yana-mask\/","url":"https:\/\/impressionsdeterre.com\/product\/pullo-yana-mask\/","name":"Pullo Yana mask - IMPRESSIONS DE TERRE","isPartOf":{"@id":"https:\/\/impressionsdeterre.com\/#website"},"primaryImageOfPage":{"@id":"https:\/\/impressionsdeterre.com\/product\/pullo-yana-mask\/#primaryimage"},"image":{"@id":"https:\/\/impressionsdeterre.com\/product\/pullo-yana-mask\/#primaryimage"},"thumbnailUrl":"https:\/\/impressionsdeterre.com\/wp-content\/uploads\/2026\/03\/IT_PRODUITS_01_Masque-Dogon-Pullo-Yana.jpg","datePublished":"2026-03-22T03:32:03+00:00","dateModified":"2026-03-22T03:33:58+00:00","description":"Le masque Pullo Yana, la femme peule, est utilis\u00e9 par les membres de la soci\u00e9t\u00e9 Awa lors du culte des morts, le dama, pour la lev\u00e9e de deuil afin que l'\u00e2me du d\u00e9funt peut alors rejoindre le monde des anc\u00eatres.","breadcrumb":{"@id":"https:\/\/impressionsdeterre.com\/product\/pullo-yana-mask\/#breadcrumb"},"inLanguage":"fr-FR","potentialAction":[{"@type":"ReadAction","target":["https:\/\/impressionsdeterre.com\/product\/pullo-yana-mask\/"]}]},{"@type":"ImageObject","inLanguage":"fr-FR","@id":"https:\/\/impressionsdeterre.com\/product\/pullo-yana-mask\/#primaryimage","url":"https:\/\/impressionsdeterre.com\/wp-content\/uploads\/2026\/03\/IT_PRODUITS_01_Masque-Dogon-Pullo-Yana.jpg","contentUrl":"https:\/\/impressionsdeterre.com\/wp-content\/uploads\/2026\/03\/IT_PRODUITS_01_Masque-Dogon-Pullo-Yana.jpg","width":500,"height":500},{"@type":"BreadcrumbList","@id":"https:\/\/impressionsdeterre.com\/product\/pullo-yana-mask\/#breadcrumb","itemListElement":[{"@type":"ListItem","position":1,"name":"Home","item":"https:\/\/impressionsdeterre.com\/"},{"@type":"ListItem","position":2,"name":"Gallery","item":"https:\/\/impressionsdeterre.com\/gallery\/"},{"@type":"ListItem","position":3,"name":"Pullo Yana mask"}]},{"@type":"WebSite","@id":"https:\/\/impressionsdeterre.com\/#website","url":"https:\/\/impressionsdeterre.com\/","name":"IMPRESSIONS DE TERRE","description":"Modern WooCommerce Theme","publisher":{"@id":"https:\/\/impressionsdeterre.com\/#organization"},"potentialAction":[{"@type":"SearchAction","target":{"@type":"EntryPoint","urlTemplate":"https:\/\/impressionsdeterre.com\/?s={search_term_string}"},"query-input":{"@type":"PropertyValueSpecification","valueRequired":true,"valueName":"search_term_string"}}],"inLanguage":"fr-FR"},{"@type":"Organization","@id":"https:\/\/impressionsdeterre.com\/#organization","name":"IMPRESSIONS DE TERRE","url":"https:\/\/impressionsdeterre.com\/","logo":{"@type":"ImageObject","inLanguage":"fr-FR","@id":"https:\/\/impressionsdeterre.com\/#\/schema\/logo\/image\/","url":"https:\/\/impressionsdeterre.com\/wp-content\/uploads\/2025\/05\/Logo-IMPRESSIONS-DE-TERRE-2026-scaled.png","contentUrl":"https:\/\/impressionsdeterre.com\/wp-content\/uploads\/2025\/05\/Logo-IMPRESSIONS-DE-TERRE-2026-scaled.png","width":2560,"height":715,"caption":"IMPRESSIONS DE TERRE"},"image":{"@id":"https:\/\/impressionsdeterre.com\/#\/schema\/logo\/image\/"}}]}},"_links":{"self":[{"href":"https:\/\/impressionsdeterre.com\/fr\/wp-json\/wp\/v2\/product\/7040","targetHints":{"allow":["GET"]}}],"collection":[{"href":"https:\/\/impressionsdeterre.com\/fr\/wp-json\/wp\/v2\/product"}],"about":[{"href":"https:\/\/impressionsdeterre.com\/fr\/wp-json\/wp\/v2\/types\/product"}],"replies":[{"embeddable":true,"href":"https:\/\/impressionsdeterre.com\/fr\/wp-json\/wp\/v2\/comments?post=7040"}],"version-history":[{"count":2,"href":"https:\/\/impressionsdeterre.com\/fr\/wp-json\/wp\/v2\/product\/7040\/revisions"}],"predecessor-version":[{"id":7043,"href":"https:\/\/impressionsdeterre.com\/fr\/wp-json\/wp\/v2\/product\/7040\/revisions\/7043"}],"wp:featuredmedia":[{"embeddable":true,"href":"https:\/\/impressionsdeterre.com\/fr\/wp-json\/wp\/v2\/media\/7042"}],"wp:attachment":[{"href":"https:\/\/impressionsdeterre.com\/fr\/wp-json\/wp\/v2\/media?parent=7040"}],"wp:term":[{"taxonomy":"product_brand","embeddable":true,"href":"https:\/\/impressionsdeterre.com\/fr\/wp-json\/wp\/v2\/product_brand?post=7040"},{"taxonomy":"product_cat","embeddable":true,"href":"https:\/\/impressionsdeterre.com\/fr\/wp-json\/wp\/v2\/product_cat?post=7040"},{"taxonomy":"product_tag","embeddable":true,"href":"https:\/\/impressionsdeterre.com\/fr\/wp-json\/wp\/v2\/product_tag?post=7040"}],"curies":[{"name":"wp","href":"https:\/\/api.w.org\/{rel}","templated":true}]}}