{"id":109,"date":"2021-09-10T07:47:31","date_gmt":"2021-09-10T07:47:31","guid":{"rendered":"https:\/\/styler.ninetheme.com\/?page_id=109"},"modified":"2026-01-22T23:18:52","modified_gmt":"2026-01-23T04:18:52","slug":"about-steve-vies","status":"publish","type":"page","link":"https:\/\/impressionsdeterre.com\/es\/about-steve-vies\/","title":{"rendered":"Sobre ST\u00c8VE VI\u00c8S"},"content":{"rendered":"<div data-elementor-type=\"wp-page\" data-elementor-id=\"109\" class=\"elementor elementor-109\">\n\t\t\t\t\t\t<section class=\"gap-extended elementor-section elementor-top-section elementor-element elementor-element-abc1d9c elementor-section-height-full nt-section section-padding elementor-section-boxed elementor-section-height-default elementor-section-items-middle\" data-id=\"abc1d9c\" data-element_type=\"section\" data-e-type=\"section\" data-settings=\"{&quot;background_background&quot;:&quot;classic&quot;}\">\n\t\t\t\t\t\t\t<div class=\"elementor-background-overlay\"><\/div>\n\t\t\t\t\t\t\t<div class=\"elementor-container elementor-column-gap-extended\">\n\t\t\t\t\t<div class=\"elementor-column elementor-col-50 elementor-top-column elementor-element elementor-element-1c56543\" data-id=\"1c56543\" data-element_type=\"column\" data-e-type=\"column\">\n\t\t\t<div class=\"elementor-widget-wrap\">\n\t\t\t\t\t\t\t<\/div>\n\t\t<\/div>\n\t\t\t\t<div class=\"elementor-column elementor-col-50 elementor-top-column elementor-element elementor-element-e9d4434\" data-id=\"e9d4434\" data-element_type=\"column\" data-e-type=\"column\" data-settings=\"{&quot;background_background&quot;:&quot;classic&quot;}\">\n\t\t\t<div class=\"elementor-widget-wrap elementor-element-populated\">\n\t\t\t\t\t\t<div class=\"elementor-element elementor-element-5fc40e7 styler-transform transform-type-translate elementor-widget elementor-widget-heading\" data-id=\"5fc40e7\" data-element_type=\"widget\" data-e-type=\"widget\" data-widget_type=\"heading.default\">\n\t\t\t\t\t<h6 class=\"elementor-heading-title elementor-size-default\">ABOUT<\/h6>\t\t\t\t<\/div>\n\t\t\t\t<div class=\"elementor-element elementor-element-f12beab styler-transform transform-type-translate elementor-widget elementor-widget-heading\" data-id=\"f12beab\" data-element_type=\"widget\" data-e-type=\"widget\" data-widget_type=\"heading.default\">\n\t\t\t\t\t<h1 class=\"elementor-heading-title elementor-size-default\">ST\u00c8VE VI\u00c8S<\/h1>\t\t\t\t<\/div>\n\t\t\t\t<div class=\"elementor-element elementor-element-1cab06d styler-transform transform-type-translate elementor-widget elementor-widget-heading\" data-id=\"1cab06d\" data-element_type=\"widget\" data-e-type=\"widget\" data-widget_type=\"heading.default\">\n\t\t\t\t\t<p class=\"elementor-heading-title elementor-size-default\"> St\u00e8ve Vi\u00e8s is a Qu\u00e9bec based artist and \u00e9ducator whose work celebrates the rich cultural heritage and diverse artisan traditions of West Africa.. It was in 2008, in Mali, with his meeting of two great masters of textile art, Boubacar Doumbia and Mamoudou Nango , that his vision to preserve and share this rich cultural tradition became clearer. The Spirit of Mali exhibition is representative of 20 years of passion and exchange for the art and culture of Mand\u00e9.<\/p>\t\t\t\t<\/div>\n\t\t\t\t\t<\/div>\n\t\t<\/div>\n\t\t\t\t\t<\/div>\n\t\t<\/section>\n\t\t\t\t<section class=\"gap-extended elementor-section elementor-top-section elementor-element elementor-element-452c709 elementor-section-content-middle nt-section section-padding elementor-section-boxed elementor-section-height-default elementor-section-height-default\" data-id=\"452c709\" data-element_type=\"section\" data-e-type=\"section\">\n\t\t\t\t\t\t<div class=\"elementor-container elementor-column-gap-extended\">\n\t\t\t\t\t<div class=\"elementor-column elementor-col-50 elementor-top-column elementor-element elementor-element-09d4350\" data-id=\"09d4350\" data-element_type=\"column\" data-e-type=\"column\">\n\t\t\t<div class=\"elementor-widget-wrap elementor-element-populated\">\n\t\t\t\t\t\t<div class=\"elementor-element elementor-element-15d28a7 elementor-widget elementor-widget-video\" data-id=\"15d28a7\" data-element_type=\"widget\" data-e-type=\"widget\" data-settings=\"{&quot;youtube_url&quot;:&quot;https:\\\/\\\/www.youtube.com\\\/watch?v=Qp5cUjPMU7E&quot;,&quot;start&quot;:5,&quot;autoplay&quot;:&quot;yes&quot;,&quot;play_on_mobile&quot;:&quot;yes&quot;,&quot;mute&quot;:&quot;yes&quot;,&quot;loop&quot;:&quot;yes&quot;,&quot;video_type&quot;:&quot;youtube&quot;}\" data-widget_type=\"video.default\">\n\t\t\t\t\t\t\t<div class=\"elementor-wrapper elementor-open-inline\">\n\t\t\t<div class=\"elementor-video\"><\/div>\t\t<\/div>\n\t\t\t\t\t\t<\/div>\n\t\t\t\t\t<\/div>\n\t\t<\/div>\n\t\t\t\t<div class=\"elementor-column elementor-col-50 elementor-top-column elementor-element elementor-element-3d58a41\" data-id=\"3d58a41\" data-element_type=\"column\" data-e-type=\"column\">\n\t\t\t<div class=\"elementor-widget-wrap elementor-element-populated\">\n\t\t\t\t\t\t<div class=\"elementor-element elementor-element-c3daab7 styler-transform transform-type-translate elementor-widget elementor-widget-heading\" data-id=\"c3daab7\" data-element_type=\"widget\" data-e-type=\"widget\" data-widget_type=\"heading.default\">\n\t\t\t\t\t<h2 class=\"elementor-heading-title elementor-size-default\">20 years of passion<\/h2>\t\t\t\t<\/div>\n\t\t\t\t<div class=\"elementor-element elementor-element-d92df04 elementor-widget__width-initial styler-transform transform-type-translate elementor-widget elementor-widget-heading\" data-id=\"d92df04\" data-element_type=\"widget\" data-e-type=\"widget\" data-widget_type=\"heading.default\">\n\t\t\t\t\t<p class=\"elementor-heading-title elementor-size-default\">St\u00e8ve Vi\u00e8s  is pleased to share with you his unique mandinka <b>experience<\/b> and more about his talents.\n<\/p>\t\t\t\t<\/div>\n\t\t\t\t<div class=\"elementor-element elementor-element-9f99365 elementor-widget elementor-widget-styler-button\" data-id=\"9f99365\" data-element_type=\"widget\" data-e-type=\"widget\" data-widget_type=\"styler-button.default\">\n\t\t\t\t<div class=\"elementor-widget-container\">\n\t\t\t\t\t<div class=\"styler-button-wrapper\"><a data-id=\"btn-9f99365\" class=\"styler-btn styler-bg-black\" href=\"https:\/\/www.stevevies.com\">Visit St\u00e8ve Vi\u00e8s Website <\/a><\/div>\t\t\t\t<\/div>\n\t\t\t\t<\/div>\n\t\t\t\t\t<\/div>\n\t\t<\/div>\n\t\t\t\t\t<\/div>\n\t\t<\/section>\n\t\t\t\t<section class=\"gap-default elementor-section elementor-top-section elementor-element elementor-element-1c7d399 nt-section section-padding elementor-section-boxed elementor-section-height-default elementor-section-height-default\" data-id=\"1c7d399\" data-element_type=\"section\" data-e-type=\"section\" data-settings=\"{&quot;background_background&quot;:&quot;classic&quot;}\">\n\t\t\t\t\t\t<div class=\"elementor-container elementor-column-gap-default\">\n\t\t\t\t\t<div class=\"elementor-column elementor-col-100 elementor-top-column elementor-element elementor-element-40dba44\" data-id=\"40dba44\" data-element_type=\"column\" data-e-type=\"column\">\n\t\t\t<div class=\"elementor-widget-wrap elementor-element-populated\">\n\t\t\t\t\t\t<div class=\"elementor-element elementor-element-d148147 styler-transform transform-type-translate elementor-widget elementor-widget-heading\" data-id=\"d148147\" data-element_type=\"widget\" data-e-type=\"widget\" data-widget_type=\"heading.default\">\n\t\t\t\t\t<h2 class=\"elementor-heading-title elementor-size-default\">\u201c The Mandinka culture is an inexhaustible African source of peaceful inspirations.\u201d<\/h2>\t\t\t\t<\/div>\n\t\t\t\t<div class=\"elementor-element elementor-element-86249b0 styler-transform transform-type-translate elementor-widget elementor-widget-heading\" data-id=\"86249b0\" data-element_type=\"widget\" data-e-type=\"widget\" data-widget_type=\"heading.default\">\n\t\t\t\t\t<h6 class=\"elementor-heading-title elementor-size-default\">ST\u00c8VE VI\u00c8S<\/h6>\t\t\t\t<\/div>\n\t\t\t\t\t<\/div>\n\t\t<\/div>\n\t\t\t\t\t<\/div>\n\t\t<\/section>\n\t\t\t\t<\/div>","protected":false},"excerpt":{"rendered":"<p>ABOUT ST\u00c8VE VI\u00c8S St\u00e8ve Vi\u00e8s is a Qu\u00e9bec based artist and \u00e9ducator whose work celebrates the rich cultural heritage and diverse artisan traditions of West Africa.. It was in 2008, in Mali, with his meeting of two great masters of textile art, Boubacar Doumbia and Mamoudou Nango , that his vision to preserve and share&#8230;<\/p>","protected":false},"author":1,"featured_media":6434,"parent":0,"menu_order":0,"comment_status":"closed","ping_status":"closed","template":"","meta":{"footnotes":""},"class_list":{"0":"post-109","1":"page","2":"type-page","3":"status-publish","4":"has-post-thumbnail","5":"hentry","6":"nt-post-class","7":"","10":"excerpt-none"},"yoast_head":"<!-- This site is optimized with the Yoast SEO plugin v27.6 - https:\/\/yoast.com\/product\/yoast-seo-wordpress\/ -->\n<title>About St\u00e8ve Vi\u00e8s - IMPRESSIONS DE TERRE<\/title>\n<meta name=\"robots\" content=\"index, follow, max-snippet:-1, max-image-preview:large, max-video-preview:-1\" \/>\n<link rel=\"canonical\" href=\"https:\/\/impressionsdeterre.com\/es\/about-steve-vies\/\" \/>\n<meta property=\"og:locale\" content=\"es_ES\" \/>\n<meta property=\"og:type\" content=\"article\" \/>\n<meta property=\"og:title\" content=\"About St\u00e8ve Vi\u00e8s - IMPRESSIONS DE TERRE\" \/>\n<meta property=\"og:description\" content=\"ABOUT ST\u00c8VE VI\u00c8S St\u00e8ve Vi\u00e8s is a Qu\u00e9bec based artist and \u00e9ducator whose work celebrates the rich cultural heritage and diverse artisan traditions of West Africa.. It was in 2008, in Mali, with his meeting of two great masters of textile art, Boubacar Doumbia and Mamoudou Nango , that his vision to preserve and share...\" \/>\n<meta property=\"og:url\" content=\"https:\/\/impressionsdeterre.com\/es\/about-steve-vies\/\" \/>\n<meta property=\"og:site_name\" content=\"IMPRESSIONS DE TERRE\" \/>\n<meta property=\"article:modified_time\" content=\"2026-01-23T04:18:52+00:00\" \/>\n<meta property=\"og:image\" content=\"https:\/\/impressionsdeterre.com\/wp-content\/uploads\/2026\/01\/STEVE_VIES_Carre.jpg\" \/>\n\t<meta property=\"og:image:width\" content=\"1013\" \/>\n\t<meta property=\"og:image:height\" content=\"1013\" \/>\n\t<meta property=\"og:image:type\" content=\"image\/jpeg\" \/>\n<meta name=\"twitter:card\" content=\"summary_large_image\" \/>\n<meta name=\"twitter:label1\" content=\"Tiempo de lectura\" \/>\n\t<meta name=\"twitter:data1\" content=\"1 minuto\" \/>\n<script type=\"application\/ld+json\" class=\"yoast-schema-graph\">{\"@context\":\"https:\\\/\\\/schema.org\",\"@graph\":[{\"@type\":\"WebPage\",\"@id\":\"https:\\\/\\\/impressionsdeterre.com\\\/about-steve-vies\\\/\",\"url\":\"https:\\\/\\\/impressionsdeterre.com\\\/about-steve-vies\\\/\",\"name\":\"About St\u00e8ve Vi\u00e8s - IMPRESSIONS DE TERRE\",\"isPartOf\":{\"@id\":\"https:\\\/\\\/impressionsdeterre.com\\\/#website\"},\"primaryImageOfPage\":{\"@id\":\"https:\\\/\\\/impressionsdeterre.com\\\/about-steve-vies\\\/#primaryimage\"},\"image\":{\"@id\":\"https:\\\/\\\/impressionsdeterre.com\\\/about-steve-vies\\\/#primaryimage\"},\"thumbnailUrl\":\"https:\\\/\\\/impressionsdeterre.com\\\/wp-content\\\/uploads\\\/2026\\\/01\\\/STEVE_VIES_Carre.jpg\",\"datePublished\":\"2021-09-10T07:47:31+00:00\",\"dateModified\":\"2026-01-23T04:18:52+00:00\",\"breadcrumb\":{\"@id\":\"https:\\\/\\\/impressionsdeterre.com\\\/about-steve-vies\\\/#breadcrumb\"},\"inLanguage\":\"es\",\"potentialAction\":[{\"@type\":\"ReadAction\",\"target\":[\"https:\\\/\\\/impressionsdeterre.com\\\/about-steve-vies\\\/\"]}]},{\"@type\":\"ImageObject\",\"inLanguage\":\"es\",\"@id\":\"https:\\\/\\\/impressionsdeterre.com\\\/about-steve-vies\\\/#primaryimage\",\"url\":\"https:\\\/\\\/impressionsdeterre.com\\\/wp-content\\\/uploads\\\/2026\\\/01\\\/STEVE_VIES_Carre.jpg\",\"contentUrl\":\"https:\\\/\\\/impressionsdeterre.com\\\/wp-content\\\/uploads\\\/2026\\\/01\\\/STEVE_VIES_Carre.jpg\",\"width\":1013,\"height\":1013},{\"@type\":\"BreadcrumbList\",\"@id\":\"https:\\\/\\\/impressionsdeterre.com\\\/about-steve-vies\\\/#breadcrumb\",\"itemListElement\":[{\"@type\":\"ListItem\",\"position\":1,\"name\":\"Home\",\"item\":\"https:\\\/\\\/impressionsdeterre.com\\\/\"},{\"@type\":\"ListItem\",\"position\":2,\"name\":\"About St\u00e8ve Vi\u00e8s\"}]},{\"@type\":\"WebSite\",\"@id\":\"https:\\\/\\\/impressionsdeterre.com\\\/#website\",\"url\":\"https:\\\/\\\/impressionsdeterre.com\\\/\",\"name\":\"IMPRESSIONS DE TERRE\",\"description\":\"Modern WooCommerce Theme\",\"publisher\":{\"@id\":\"https:\\\/\\\/impressionsdeterre.com\\\/#organization\"},\"potentialAction\":[{\"@type\":\"SearchAction\",\"target\":{\"@type\":\"EntryPoint\",\"urlTemplate\":\"https:\\\/\\\/impressionsdeterre.com\\\/?s={search_term_string}\"},\"query-input\":{\"@type\":\"PropertyValueSpecification\",\"valueRequired\":true,\"valueName\":\"search_term_string\"}}],\"inLanguage\":\"es\"},{\"@type\":\"Organization\",\"@id\":\"https:\\\/\\\/impressionsdeterre.com\\\/#organization\",\"name\":\"IMPRESSIONS DE TERRE\",\"url\":\"https:\\\/\\\/impressionsdeterre.com\\\/\",\"logo\":{\"@type\":\"ImageObject\",\"inLanguage\":\"es\",\"@id\":\"https:\\\/\\\/impressionsdeterre.com\\\/#\\\/schema\\\/logo\\\/image\\\/\",\"url\":\"https:\\\/\\\/impressionsdeterre.com\\\/wp-content\\\/uploads\\\/2025\\\/05\\\/Logo-IMPRESSIONS-DE-TERRE-2026-scaled.png\",\"contentUrl\":\"https:\\\/\\\/impressionsdeterre.com\\\/wp-content\\\/uploads\\\/2025\\\/05\\\/Logo-IMPRESSIONS-DE-TERRE-2026-scaled.png\",\"width\":2560,\"height\":715,\"caption\":\"IMPRESSIONS DE TERRE\"},\"image\":{\"@id\":\"https:\\\/\\\/impressionsdeterre.com\\\/#\\\/schema\\\/logo\\\/image\\\/\"}}]}<\/script>\n<!-- \/ Yoast SEO plugin. -->","yoast_head_json":{"title":"About St\u00e8ve Vi\u00e8s - IMPRESSIONS DE TERRE","robots":{"index":"index","follow":"follow","max-snippet":"max-snippet:-1","max-image-preview":"max-image-preview:large","max-video-preview":"max-video-preview:-1"},"canonical":"https:\/\/impressionsdeterre.com\/es\/about-steve-vies\/","og_locale":"es_ES","og_type":"article","og_title":"About St\u00e8ve Vi\u00e8s - IMPRESSIONS DE TERRE","og_description":"ABOUT ST\u00c8VE VI\u00c8S St\u00e8ve Vi\u00e8s is a Qu\u00e9bec based artist and \u00e9ducator whose work celebrates the rich cultural heritage and diverse artisan traditions of West Africa.. It was in 2008, in Mali, with his meeting of two great masters of textile art, Boubacar Doumbia and Mamoudou Nango , that his vision to preserve and share...","og_url":"https:\/\/impressionsdeterre.com\/es\/about-steve-vies\/","og_site_name":"IMPRESSIONS DE TERRE","article_modified_time":"2026-01-23T04:18:52+00:00","og_image":[{"width":1013,"height":1013,"url":"https:\/\/impressionsdeterre.com\/wp-content\/uploads\/2026\/01\/STEVE_VIES_Carre.jpg","type":"image\/jpeg"}],"twitter_card":"summary_large_image","twitter_misc":{"Tiempo de lectura":"1 minuto"},"schema":{"@context":"https:\/\/schema.org","@graph":[{"@type":"WebPage","@id":"https:\/\/impressionsdeterre.com\/about-steve-vies\/","url":"https:\/\/impressionsdeterre.com\/about-steve-vies\/","name":"About St\u00e8ve Vi\u00e8s - IMPRESSIONS DE TERRE","isPartOf":{"@id":"https:\/\/impressionsdeterre.com\/#website"},"primaryImageOfPage":{"@id":"https:\/\/impressionsdeterre.com\/about-steve-vies\/#primaryimage"},"image":{"@id":"https:\/\/impressionsdeterre.com\/about-steve-vies\/#primaryimage"},"thumbnailUrl":"https:\/\/impressionsdeterre.com\/wp-content\/uploads\/2026\/01\/STEVE_VIES_Carre.jpg","datePublished":"2021-09-10T07:47:31+00:00","dateModified":"2026-01-23T04:18:52+00:00","breadcrumb":{"@id":"https:\/\/impressionsdeterre.com\/about-steve-vies\/#breadcrumb"},"inLanguage":"es","potentialAction":[{"@type":"ReadAction","target":["https:\/\/impressionsdeterre.com\/about-steve-vies\/"]}]},{"@type":"ImageObject","inLanguage":"es","@id":"https:\/\/impressionsdeterre.com\/about-steve-vies\/#primaryimage","url":"https:\/\/impressionsdeterre.com\/wp-content\/uploads\/2026\/01\/STEVE_VIES_Carre.jpg","contentUrl":"https:\/\/impressionsdeterre.com\/wp-content\/uploads\/2026\/01\/STEVE_VIES_Carre.jpg","width":1013,"height":1013},{"@type":"BreadcrumbList","@id":"https:\/\/impressionsdeterre.com\/about-steve-vies\/#breadcrumb","itemListElement":[{"@type":"ListItem","position":1,"name":"Home","item":"https:\/\/impressionsdeterre.com\/"},{"@type":"ListItem","position":2,"name":"About St\u00e8ve Vi\u00e8s"}]},{"@type":"WebSite","@id":"https:\/\/impressionsdeterre.com\/#website","url":"https:\/\/impressionsdeterre.com\/","name":"IMPRESSIONS DE TERRE","description":"Modern WooCommerce Theme","publisher":{"@id":"https:\/\/impressionsdeterre.com\/#organization"},"potentialAction":[{"@type":"SearchAction","target":{"@type":"EntryPoint","urlTemplate":"https:\/\/impressionsdeterre.com\/?s={search_term_string}"},"query-input":{"@type":"PropertyValueSpecification","valueRequired":true,"valueName":"search_term_string"}}],"inLanguage":"es"},{"@type":"Organization","@id":"https:\/\/impressionsdeterre.com\/#organization","name":"IMPRESSIONS DE TERRE","url":"https:\/\/impressionsdeterre.com\/","logo":{"@type":"ImageObject","inLanguage":"es","@id":"https:\/\/impressionsdeterre.com\/#\/schema\/logo\/image\/","url":"https:\/\/impressionsdeterre.com\/wp-content\/uploads\/2025\/05\/Logo-IMPRESSIONS-DE-TERRE-2026-scaled.png","contentUrl":"https:\/\/impressionsdeterre.com\/wp-content\/uploads\/2025\/05\/Logo-IMPRESSIONS-DE-TERRE-2026-scaled.png","width":2560,"height":715,"caption":"IMPRESSIONS DE TERRE"},"image":{"@id":"https:\/\/impressionsdeterre.com\/#\/schema\/logo\/image\/"}}]}},"_links":{"self":[{"href":"https:\/\/impressionsdeterre.com\/es\/wp-json\/wp\/v2\/pages\/109","targetHints":{"allow":["GET"]}}],"collection":[{"href":"https:\/\/impressionsdeterre.com\/es\/wp-json\/wp\/v2\/pages"}],"about":[{"href":"https:\/\/impressionsdeterre.com\/es\/wp-json\/wp\/v2\/types\/page"}],"author":[{"embeddable":true,"href":"https:\/\/impressionsdeterre.com\/es\/wp-json\/wp\/v2\/users\/1"}],"replies":[{"embeddable":true,"href":"https:\/\/impressionsdeterre.com\/es\/wp-json\/wp\/v2\/comments?post=109"}],"version-history":[{"count":85,"href":"https:\/\/impressionsdeterre.com\/es\/wp-json\/wp\/v2\/pages\/109\/revisions"}],"predecessor-version":[{"id":6499,"href":"https:\/\/impressionsdeterre.com\/es\/wp-json\/wp\/v2\/pages\/109\/revisions\/6499"}],"wp:featuredmedia":[{"embeddable":true,"href":"https:\/\/impressionsdeterre.com\/es\/wp-json\/wp\/v2\/media\/6434"}],"wp:attachment":[{"href":"https:\/\/impressionsdeterre.com\/es\/wp-json\/wp\/v2\/media?parent=109"}],"curies":[{"name":"wp","href":"https:\/\/api.w.org\/{rel}","templated":true}]}}